{"id":182,"date":"2023-10-31T18:00:08","date_gmt":"2023-10-31T18:00:08","guid":{"rendered":"https:\/\/settbuild.com\/?page_id=182"},"modified":"2023-11-08T12:37:55","modified_gmt":"2023-11-08T12:37:55","slug":"firma","status":"publish","type":"page","link":"https:\/\/settbuild.com\/index.php\/firma\/","title":{"rendered":"Firma"},"content":{"rendered":"\n<p>SETTBUILD Polska jest przedsi\u0119biorstwem budowlanym, kt\u00f3remu przy\u015bwieca motto \u201cBuilding for good\u201d. Tworzymy zr\u00f3wnowa\u017con\u0105 przysz\u0142o\u015b\u0107 zgodnie z zasadami \u201eTogether We Kiss Better\u201d oraz \u201eTogether We Go Green\u201d. Naszym celem jest tworzenie warto\u015bci poprzez realizacj\u0119 projekt\u00f3w prowadzonych w spos\u00f3b bezpieczny, zr\u00f3wnowa\u017cony, innowacyjny i gwarantuj\u0105cy najwy\u017csz\u0105 jako\u015b\u0107.<\/p>\n\n\n\n<p>Istniejemy od 2018 roku. Zajmujemy si\u0119 maszynowym uk\u0142adaniem nawierzchni z kostki brukowej, na wcze\u015bniej przygotowanym pod\u0142o\u017cu. Wykonujemy drogi dojazdowe, parkingi, chodniki. Szkolenia, kt\u00f3re przeszli\u015bmy, pozwalaj\u0105 nam na zdecydowan\u0105 i przede wszystkim bezpieczn\u0105 prac\u0119. Pracujemy na profesjonalnym sprz\u0119cie typu ROLLMOPS 4\u00d74.<\/p>\n\n\n\n<p>Gwarantujemy najwy\u017csz\u0105 jako\u015b\u0107 us\u0142ug, przy zachowaniu stawek konkurencyjnych, a nawet ni\u017cszych.<\/p>\n\n\n\n<p>Jeste\u015bmy dyspozycyjni i dojedziemy w ka\u017cde miejsce w Polsce. Dziennie przy dobrej organizacji u\u0142o\u017cymy oko\u0142o 1000m2, realizujemy ma\u0142e jak i du\u017ce zlecenia.<\/p>\n\n\n\n<figure class=\"wp-block-image alignwide size-large\"><img loading=\"lazy\" decoding=\"async\" width=\"1024\" height=\"768\" src=\"https:\/\/settbuild.com\/wp-content\/uploads\/2023\/10\/IMG_6901-1024x768.jpg\" alt=\"\" class=\"wp-image-111\" srcset=\"https:\/\/settbuild.com\/wp-content\/uploads\/2023\/10\/IMG_6901-1024x768.jpg 1024w, https:\/\/settbuild.com\/wp-content\/uploads\/2023\/10\/IMG_6901-300x225.jpg 300w, https:\/\/settbuild.com\/wp-content\/uploads\/2023\/10\/IMG_6901-768x576.jpg 768w, https:\/\/settbuild.com\/wp-content\/uploads\/2023\/10\/IMG_6901-1536x1152.jpg 1536w, https:\/\/settbuild.com\/wp-content\/uploads\/2023\/10\/IMG_6901-440x330.jpg 440w, https:\/\/settbuild.com\/wp-content\/uploads\/2023\/10\/IMG_6901-920x690.jpg 920w, https:\/\/settbuild.com\/wp-content\/uploads\/2023\/10\/IMG_6901.jpg 2000w\" sizes=\"auto, (max-width: 1024px) 100vw, 1024px\" \/><\/figure>\n\n\n\n<figure class=\"wp-block-image alignwide size-large\"><img loading=\"lazy\" decoding=\"async\" width=\"1024\" height=\"682\" src=\"https:\/\/settbuild.com\/wp-content\/uploads\/2023\/10\/mini-koparka-1024x682.jpg\" alt=\"\" class=\"wp-image-180\" srcset=\"https:\/\/settbuild.com\/wp-content\/uploads\/2023\/10\/mini-koparka-1024x682.jpg 1024w, https:\/\/settbuild.com\/wp-content\/uploads\/2023\/10\/mini-koparka-300x200.jpg 300w, https:\/\/settbuild.com\/wp-content\/uploads\/2023\/10\/mini-koparka-768x512.jpg 768w, https:\/\/settbuild.com\/wp-content\/uploads\/2023\/10\/mini-koparka-1536x1024.jpg 1536w, https:\/\/settbuild.com\/wp-content\/uploads\/2023\/10\/mini-koparka-507x338.jpg 507w, https:\/\/settbuild.com\/wp-content\/uploads\/2023\/10\/mini-koparka.jpg 2000w\" sizes=\"auto, (max-width: 1024px) 100vw, 1024px\" \/><\/figure>\n\n\n\n<p class=\"has-normal-font-size\">BEZPIECZE\u0143STWO JEST NASZYM PRIORYTETEM I NAJWI\u0118KSZ\u0104 WARTO\u015aCI\u0104<\/p>\n\n\n\n<p>Zdrowie i bezpiecze\u0144stwo naszych pracownik\u00f3w i podwykonawc\u00f3w jest priorytetem przy realizowanych przez nas projektach. D\u0105\u017cymy do sta\u0142ej poprawy bezpiecze\u0144stwa poprzez zapobieganie wypadkom, chorobom zawodowym i zdarzeniom potencjalnie wypadkowym i minimalizowanie ich liczby do zera.<\/p>\n\n\n\n<figure class=\"wp-block-image alignwide size-large\"><img loading=\"lazy\" decoding=\"async\" width=\"1024\" height=\"768\" src=\"https:\/\/settbuild.com\/wp-content\/uploads\/2023\/10\/IMG_2364-1024x768.jpg\" alt=\"\" class=\"wp-image-83\" srcset=\"https:\/\/settbuild.com\/wp-content\/uploads\/2023\/10\/IMG_2364-1024x768.jpg 1024w, https:\/\/settbuild.com\/wp-content\/uploads\/2023\/10\/IMG_2364-300x225.jpg 300w, https:\/\/settbuild.com\/wp-content\/uploads\/2023\/10\/IMG_2364-768x576.jpg 768w, https:\/\/settbuild.com\/wp-content\/uploads\/2023\/10\/IMG_2364-1536x1152.jpg 1536w, https:\/\/settbuild.com\/wp-content\/uploads\/2023\/10\/IMG_2364-440x330.jpg 440w, https:\/\/settbuild.com\/wp-content\/uploads\/2023\/10\/IMG_2364-920x690.jpg 920w, https:\/\/settbuild.com\/wp-content\/uploads\/2023\/10\/IMG_2364.jpg 2000w\" sizes=\"auto, (max-width: 1024px) 100vw, 1024px\" \/><\/figure>\n","protected":false},"excerpt":{"rendered":"<p>SETTBUILD Polska jest przedsi\u0119biorstwem budowlanym, kt\u00f3remu przy\u015bwieca motto \u201cBuilding for good\u201d. Tworzymy zr\u00f3wnowa\u017con\u0105 przysz\u0142o\u015b\u0107 zgodnie z zasadami \u201eTogether We Kiss<\/p>\n<p><a href=\"https:\/\/settbuild.com\/index.php\/firma\/\" class=\"more-link\">Czytaj dalej<span class=\"screen-reader-text\">Firma<\/span><\/a><\/p>\n","protected":false},"author":1,"featured_media":203,"parent":0,"menu_order":0,"comment_status":"closed","ping_status":"closed","template":"templates\/full-width-page.php","meta":{"ngg_post_thumbnail":0,"footnotes":""},"class_list":["post-182","page","type-page","status-publish","has-post-thumbnail","hentry"],"_links":{"self":[{"href":"https:\/\/settbuild.com\/index.php\/wp-json\/wp\/v2\/pages\/182","targetHints":{"allow":["GET"]}}],"collection":[{"href":"https:\/\/settbuild.com\/index.php\/wp-json\/wp\/v2\/pages"}],"about":[{"href":"https:\/\/settbuild.com\/index.php\/wp-json\/wp\/v2\/types\/page"}],"author":[{"embeddable":true,"href":"https:\/\/settbuild.com\/index.php\/wp-json\/wp\/v2\/users\/1"}],"replies":[{"embeddable":true,"href":"https:\/\/settbuild.com\/index.php\/wp-json\/wp\/v2\/comments?post=182"}],"version-history":[{"count":5,"href":"https:\/\/settbuild.com\/index.php\/wp-json\/wp\/v2\/pages\/182\/revisions"}],"predecessor-version":[{"id":451,"href":"https:\/\/settbuild.com\/index.php\/wp-json\/wp\/v2\/pages\/182\/revisions\/451"}],"wp:featuredmedia":[{"embeddable":true,"href":"https:\/\/settbuild.com\/index.php\/wp-json\/wp\/v2\/media\/203"}],"wp:attachment":[{"href":"https:\/\/settbuild.com\/index.php\/wp-json\/wp\/v2\/media?parent=182"}],"curies":[{"name":"wp","href":"https:\/\/api.w.org\/{rel}","templated":true}]}}