{"id":234,"date":"2023-10-31T19:46:57","date_gmt":"2023-10-31T19:46:57","guid":{"rendered":"https:\/\/settbuild.com\/?page_id=234"},"modified":"2023-10-31T20:38:23","modified_gmt":"2023-10-31T20:38:23","slug":"o-nas","status":"publish","type":"page","link":"https:\/\/settbuild.com\/","title":{"rendered":"O nas"},"content":{"rendered":"\n<p>SETTBUILD Polska jest przedsi\u0119biorstwem budowlanym, kt\u00f3remu przy\u015bwieca motto \u201cBuilding for good\u201d. Tworzymy zr\u00f3wnowa\u017con\u0105 przysz\u0142o\u015b\u0107 zgodnie z zasadami \u201eTogether We Kiss Better\u201d oraz \u201eTogether We Go Green\u201d. Naszym celem jest tworzenie warto\u015bci poprzez realizacj\u0119 projekt\u00f3w prowadzonych w spos\u00f3b bezpieczny, zr\u00f3wnowa\u017cony, innowacyjny i gwarantuj\u0105cy najwy\u017csz\u0105 jako\u015b\u0107.<\/p>\n\n\n\n<figure class=\"wp-block-image size-large\"><img loading=\"lazy\" decoding=\"async\" width=\"1024\" height=\"768\" src=\"https:\/\/settbuild.com\/wp-content\/uploads\/2023\/10\/IMG_8241-1024x768.jpg\" alt=\"\" class=\"wp-image-133\" srcset=\"https:\/\/settbuild.com\/wp-content\/uploads\/2023\/10\/IMG_8241-1024x768.jpg 1024w, https:\/\/settbuild.com\/wp-content\/uploads\/2023\/10\/IMG_8241-300x225.jpg 300w, https:\/\/settbuild.com\/wp-content\/uploads\/2023\/10\/IMG_8241-768x576.jpg 768w, https:\/\/settbuild.com\/wp-content\/uploads\/2023\/10\/IMG_8241-1536x1152.jpg 1536w, https:\/\/settbuild.com\/wp-content\/uploads\/2023\/10\/IMG_8241-440x330.jpg 440w, https:\/\/settbuild.com\/wp-content\/uploads\/2023\/10\/IMG_8241-920x690.jpg 920w, https:\/\/settbuild.com\/wp-content\/uploads\/2023\/10\/IMG_8241.jpg 2000w\" sizes=\"auto, (max-width: 1024px) 100vw, 1024px\" \/><\/figure>\n\n\n\n<p>Istniejemy od 2018 roku. Zajmujemy si\u0119 maszynowym uk\u0142adaniem nawierzchni z kostki brukowej, na wcze\u015bniej przygotowanym pod\u0142o\u017cu. Wykonujemy drogi dojazdowe, parkingi, chodniki. Szkolenia, kt\u00f3re przeszli\u015bmy, pozwalaj\u0105 nam na zdecydowan\u0105 i przede wszystkim bezpieczn\u0105 prac\u0119. Pracujemy na profesjonalnym sprz\u0119cie typu ROLLMOPS 4\u00d74.<\/p>\n\n\n\n<figure class=\"wp-block-image size-large\"><img loading=\"lazy\" decoding=\"async\" width=\"1024\" height=\"768\" src=\"https:\/\/settbuild.com\/wp-content\/uploads\/2023\/10\/IMG_2058-1-1024x768.jpg\" alt=\"\" class=\"wp-image-79\" srcset=\"https:\/\/settbuild.com\/wp-content\/uploads\/2023\/10\/IMG_2058-1-1024x768.jpg 1024w, https:\/\/settbuild.com\/wp-content\/uploads\/2023\/10\/IMG_2058-1-300x225.jpg 300w, https:\/\/settbuild.com\/wp-content\/uploads\/2023\/10\/IMG_2058-1-768x576.jpg 768w, https:\/\/settbuild.com\/wp-content\/uploads\/2023\/10\/IMG_2058-1-1536x1152.jpg 1536w, https:\/\/settbuild.com\/wp-content\/uploads\/2023\/10\/IMG_2058-1-440x330.jpg 440w, https:\/\/settbuild.com\/wp-content\/uploads\/2023\/10\/IMG_2058-1-920x690.jpg 920w, https:\/\/settbuild.com\/wp-content\/uploads\/2023\/10\/IMG_2058-1.jpg 2000w\" sizes=\"auto, (max-width: 1024px) 100vw, 1024px\" \/><\/figure>\n\n\n\n<p>Gwarantujemy najwy\u017csz\u0105 jako\u015b\u0107 us\u0142ug, przy zachowaniu stawek konkurencyjnych, a nawet ni\u017cszych.<\/p>\n\n\n\n<figure class=\"wp-block-image size-large\"><img loading=\"lazy\" decoding=\"async\" width=\"1024\" height=\"713\" src=\"https:\/\/settbuild.com\/wp-content\/uploads\/2023\/10\/IMG_8767-1024x713.jpg\" alt=\"\" class=\"wp-image-149\" srcset=\"https:\/\/settbuild.com\/wp-content\/uploads\/2023\/10\/IMG_8767-1024x713.jpg 1024w, https:\/\/settbuild.com\/wp-content\/uploads\/2023\/10\/IMG_8767-300x209.jpg 300w, https:\/\/settbuild.com\/wp-content\/uploads\/2023\/10\/IMG_8767-768x535.jpg 768w, https:\/\/settbuild.com\/wp-content\/uploads\/2023\/10\/IMG_8767-1536x1070.jpg 1536w, https:\/\/settbuild.com\/wp-content\/uploads\/2023\/10\/IMG_8767.jpg 2000w\" sizes=\"auto, (max-width: 1024px) 100vw, 1024px\" \/><\/figure>\n\n\n\n<p>Jeste\u015bmy dyspozycyjni i dojedziemy w ka\u017cde miejsce w Polsce. Dziennie przy dobrej organizacji u\u0142o\u017cymy oko\u0142o 1000m2, realizujemy ma\u0142e jak i du\u017ce zlecenia.<\/p>\n\n\n\n<p>Zapraszam Dawid Czub<\/p>\n","protected":false},"excerpt":{"rendered":"<p>SETTBUILD Polska jest przedsi\u0119biorstwem budowlanym, kt\u00f3remu przy\u015bwieca motto \u201cBuilding for good\u201d. Tworzymy zr\u00f3wnowa\u017con\u0105 przysz\u0142o\u015b\u0107 zgodnie z zasadami \u201eTogether We Kiss<\/p>\n<p><a href=\"https:\/\/settbuild.com\/\" class=\"more-link\">Czytaj dalej<span class=\"screen-reader-text\">O nas<\/span><\/a><\/p>\n","protected":false},"author":1,"featured_media":0,"parent":0,"menu_order":0,"comment_status":"closed","ping_status":"closed","template":"","meta":{"ngg_post_thumbnail":0,"footnotes":""},"class_list":["post-234","page","type-page","status-publish","hentry"],"_links":{"self":[{"href":"https:\/\/settbuild.com\/index.php\/wp-json\/wp\/v2\/pages\/234","targetHints":{"allow":["GET"]}}],"collection":[{"href":"https:\/\/settbuild.com\/index.php\/wp-json\/wp\/v2\/pages"}],"about":[{"href":"https:\/\/settbuild.com\/index.php\/wp-json\/wp\/v2\/types\/page"}],"author":[{"embeddable":true,"href":"https:\/\/settbuild.com\/index.php\/wp-json\/wp\/v2\/users\/1"}],"replies":[{"embeddable":true,"href":"https:\/\/settbuild.com\/index.php\/wp-json\/wp\/v2\/comments?post=234"}],"version-history":[{"count":6,"href":"https:\/\/settbuild.com\/index.php\/wp-json\/wp\/v2\/pages\/234\/revisions"}],"predecessor-version":[{"id":249,"href":"https:\/\/settbuild.com\/index.php\/wp-json\/wp\/v2\/pages\/234\/revisions\/249"}],"wp:attachment":[{"href":"https:\/\/settbuild.com\/index.php\/wp-json\/wp\/v2\/media?parent=234"}],"curies":[{"name":"wp","href":"https:\/\/api.w.org\/{rel}","templated":true}]}}